{"id":24368,"date":"2022-09-23T07:40:51","date_gmt":"2022-09-23T07:40:51","guid":{"rendered":"https:\/\/aztn.ea93.agency\/prijava-narusavanja-trzisnog-natjecanja\/"},"modified":"2023-01-18T14:46:15","modified_gmt":"2023-01-18T14:46:15","slug":"prijava-narusavanja-trzisnog-natjecanja","status":"publish","type":"page","link":"https:\/\/www.aztn.hr\/en\/prijava-narusavanja-trzisnog-natjecanja\/","title":{"rendered":"Prijava naru\u0161avanja tr\u017ei\u0161nog natjecanja i pokretanje postupka"},"content":{"rendered":"","protected":false},"excerpt":{"rendered":"","protected":false},"author":1,"featured_media":0,"parent":0,"menu_order":21,"comment_status":"closed","ping_status":"closed","template":"tpl-initiative.php","meta":{"_acf_changed":false,"footnotes":""},"class_list":["post-24368","page","type-page","status-publish","hentry"],"acf":[],"yoast_head":"<!-- This site is optimized with the Yoast SEO plugin v26.3 - https:\/\/yoast.com\/wordpress\/plugins\/seo\/ -->\n<title>Prijava naru\u0161avanja tr\u017ei\u0161nog natjecanja i pokretanje postupka - AZTN<\/title>\n<meta name=\"robots\" content=\"index, follow, max-snippet:-1, max-image-preview:large, max-video-preview:-1\" \/>\n<link rel=\"canonical\" href=\"https:\/\/www.aztn.hr\/en\/prijava-narusavanja-trzisnog-natjecanja\/\" \/>\n<meta property=\"og:locale\" content=\"en_US\" \/>\n<meta property=\"og:type\" content=\"article\" \/>\n<meta property=\"og:title\" content=\"Prijava naru\u0161avanja tr\u017ei\u0161nog natjecanja i pokretanje postupka - AZTN\" \/>\n<meta property=\"og:url\" content=\"https:\/\/www.aztn.hr\/en\/prijava-narusavanja-trzisnog-natjecanja\/\" \/>\n<meta property=\"og:site_name\" content=\"AZTN\" \/>\n<meta property=\"article:modified_time\" content=\"2023-01-18T14:46:15+00:00\" \/>\n<meta name=\"twitter:card\" content=\"summary_large_image\" \/>\n<script type=\"application\/ld+json\" class=\"yoast-schema-graph\">{\"@context\":\"https:\/\/schema.org\",\"@graph\":[{\"@type\":\"WebPage\",\"@id\":\"https:\/\/www.aztn.hr\/en\/prijava-narusavanja-trzisnog-natjecanja\/\",\"url\":\"https:\/\/www.aztn.hr\/en\/prijava-narusavanja-trzisnog-natjecanja\/\",\"name\":\"Prijava naru\u0161avanja tr\u017ei\u0161nog natjecanja i pokretanje postupka - AZTN\",\"isPartOf\":{\"@id\":\"https:\/\/www.aztn.hr\/#website\"},\"datePublished\":\"2022-09-23T07:40:51+00:00\",\"dateModified\":\"2023-01-18T14:46:15+00:00\",\"breadcrumb\":{\"@id\":\"https:\/\/www.aztn.hr\/en\/prijava-narusavanja-trzisnog-natjecanja\/#breadcrumb\"},\"inLanguage\":\"en-US\",\"potentialAction\":[{\"@type\":\"ReadAction\",\"target\":[\"https:\/\/www.aztn.hr\/en\/prijava-narusavanja-trzisnog-natjecanja\/\"]}]},{\"@type\":\"BreadcrumbList\",\"@id\":\"https:\/\/www.aztn.hr\/en\/prijava-narusavanja-trzisnog-natjecanja\/#breadcrumb\",\"itemListElement\":[{\"@type\":\"ListItem\",\"position\":1,\"name\":\"Po\u010detna stranica\",\"item\":\"https:\/\/www.aztn.hr\/en\/\"},{\"@type\":\"ListItem\",\"position\":2,\"name\":\"Prijava naru\u0161avanja tr\u017ei\u0161nog natjecanja i pokretanje postupka\"}]},{\"@type\":\"WebSite\",\"@id\":\"https:\/\/www.aztn.hr\/#website\",\"url\":\"https:\/\/www.aztn.hr\/\",\"name\":\"AZTN\",\"description\":\"Just another WordPress site\",\"potentialAction\":[{\"@type\":\"SearchAction\",\"target\":{\"@type\":\"EntryPoint\",\"urlTemplate\":\"https:\/\/www.aztn.hr\/?s={search_term_string}\"},\"query-input\":{\"@type\":\"PropertyValueSpecification\",\"valueRequired\":true,\"valueName\":\"search_term_string\"}}],\"inLanguage\":\"en-US\"}]}<\/script>\n<!-- \/ Yoast SEO plugin. -->","yoast_head_json":{"title":"Prijava naru\u0161avanja tr\u017ei\u0161nog natjecanja i pokretanje postupka - AZTN","robots":{"index":"index","follow":"follow","max-snippet":"max-snippet:-1","max-image-preview":"max-image-preview:large","max-video-preview":"max-video-preview:-1"},"canonical":"https:\/\/www.aztn.hr\/en\/prijava-narusavanja-trzisnog-natjecanja\/","og_locale":"en_US","og_type":"article","og_title":"Prijava naru\u0161avanja tr\u017ei\u0161nog natjecanja i pokretanje postupka - AZTN","og_url":"https:\/\/www.aztn.hr\/en\/prijava-narusavanja-trzisnog-natjecanja\/","og_site_name":"AZTN","article_modified_time":"2023-01-18T14:46:15+00:00","twitter_card":"summary_large_image","schema":{"@context":"https:\/\/schema.org","@graph":[{"@type":"WebPage","@id":"https:\/\/www.aztn.hr\/en\/prijava-narusavanja-trzisnog-natjecanja\/","url":"https:\/\/www.aztn.hr\/en\/prijava-narusavanja-trzisnog-natjecanja\/","name":"Prijava naru\u0161avanja tr\u017ei\u0161nog natjecanja i pokretanje postupka - AZTN","isPartOf":{"@id":"https:\/\/www.aztn.hr\/#website"},"datePublished":"2022-09-23T07:40:51+00:00","dateModified":"2023-01-18T14:46:15+00:00","breadcrumb":{"@id":"https:\/\/www.aztn.hr\/en\/prijava-narusavanja-trzisnog-natjecanja\/#breadcrumb"},"inLanguage":"en-US","potentialAction":[{"@type":"ReadAction","target":["https:\/\/www.aztn.hr\/en\/prijava-narusavanja-trzisnog-natjecanja\/"]}]},{"@type":"BreadcrumbList","@id":"https:\/\/www.aztn.hr\/en\/prijava-narusavanja-trzisnog-natjecanja\/#breadcrumb","itemListElement":[{"@type":"ListItem","position":1,"name":"Po\u010detna stranica","item":"https:\/\/www.aztn.hr\/en\/"},{"@type":"ListItem","position":2,"name":"Prijava naru\u0161avanja tr\u017ei\u0161nog natjecanja i pokretanje postupka"}]},{"@type":"WebSite","@id":"https:\/\/www.aztn.hr\/#website","url":"https:\/\/www.aztn.hr\/","name":"AZTN","description":"Just another WordPress site","potentialAction":[{"@type":"SearchAction","target":{"@type":"EntryPoint","urlTemplate":"https:\/\/www.aztn.hr\/?s={search_term_string}"},"query-input":{"@type":"PropertyValueSpecification","valueRequired":true,"valueName":"search_term_string"}}],"inLanguage":"en-US"}]}},"_links":{"self":[{"href":"https:\/\/www.aztn.hr\/en\/wp-json\/wp\/v2\/pages\/24368","targetHints":{"allow":["GET"]}}],"collection":[{"href":"https:\/\/www.aztn.hr\/en\/wp-json\/wp\/v2\/pages"}],"about":[{"href":"https:\/\/www.aztn.hr\/en\/wp-json\/wp\/v2\/types\/page"}],"author":[{"embeddable":true,"href":"https:\/\/www.aztn.hr\/en\/wp-json\/wp\/v2\/users\/1"}],"replies":[{"embeddable":true,"href":"https:\/\/www.aztn.hr\/en\/wp-json\/wp\/v2\/comments?post=24368"}],"version-history":[{"count":1,"href":"https:\/\/www.aztn.hr\/en\/wp-json\/wp\/v2\/pages\/24368\/revisions"}],"predecessor-version":[{"id":25776,"href":"https:\/\/www.aztn.hr\/en\/wp-json\/wp\/v2\/pages\/24368\/revisions\/25776"}],"wp:attachment":[{"href":"https:\/\/www.aztn.hr\/en\/wp-json\/wp\/v2\/media?parent=24368"}],"curies":[{"name":"wp","href":"https:\/\/api.w.org\/{rel}","templated":true}]}}